{"id":4266,"date":"2021-01-01T15:17:58","date_gmt":"2021-01-01T13:17:58","guid":{"rendered":"https:\/\/veclaicene.lv\/kontakti\/"},"modified":"2024-01-30T15:22:55","modified_gmt":"2024-01-30T13:22:55","slug":"kontakti","status":"publish","type":"page","link":"https:\/\/veclaicene.lv\/en\/kontakti\/","title":{"rendered":"Contacts"},"content":{"rendered":"<!--themify_builder_content-->\n<div id=\"themify_builder_content-4266\" data-postid=\"4266\" class=\"themify_builder_content themify_builder_content-4266 themify_builder tf_clear\">\n                    <div  data-lazy=\"1\" class=\"module_row themify_builder_row tb_xmsm149 tb_first tf_w\">\n                        <div class=\"row_inner col_align_top tb_col_count_3 tf_box tf_rel\">\n                        <div  data-lazy=\"1\" class=\"module_column tb-column col3-1 tb_2xgy152 first\">\n                    <!-- module image -->\n<div  class=\"module module-image tb_djzv244 image-center   tf_mw\" data-lazy=\"1\">\n        <div class=\"image-wrap tf_rel tf_mw\">\n            <a href=\"https:\/\/visitaluksne.lv\" rel=\"noopener\" target=\"_blank\">\n                   <img decoding=\"async\" src=\"https:\/\/veclaicene.lv\/wp-content\/uploads\/2021\/06\/VisitAluksne-240x100.webp\" width=\"240\" height=\"100\" class=\"wp-post-image wp-image-3789\" title=\"VisitAluksne\" alt=\"VisitAluksne\">        <\/a>\n    \n        <\/div>\n    <!-- \/image-wrap -->\n    \n        <\/div>\n<!-- \/module image -->        <\/div>\n                    <div  data-lazy=\"1\" class=\"module_column tb-column col3-1 tb_w6eu504\">\n                    <!-- module text -->\n<div  class=\"module module-text tb_ojzc740   \" data-lazy=\"1\">\n        <div  class=\"tb_text_wrap\">\n        <p><strong>Al\u016bksne Tourism Information centre<\/strong><br \/>Oj\u0101ra V\u0101cie\u0161a iela 1, Al\u016bksne, <br\/>Al\u016bksnes novads,  Latvija, LV-4301<br \/>Registration number: 40900020894<\/p><p>Phone: <a href=\"tel:+37125442335\" target=\"_blank\" rel=\"noopener\">+371 25442335<\/a>; <a href=\"tel:+37129130280\" target=\"_blank\" rel=\"noopener\">+371 29130280<\/a><br \/>E-mail: <a href=\"mailto:tic@aluksne.lv\" target=\"_blank\" rel=\"noopener\">tic@aluksne.lv<\/a><br \/><a href=\"https:\/\/visitaluksne.lv\/\" target=\"_blank\" rel=\"noopener\" data-saferedirecturl=\"https:\/\/www.google.com\/url?q=http:\/\/www.visitaluksne.lv&#038;source=gmail&#038;ust=1555235024986000&#038;usg=AFQjCNGLlDaI_LdsejeLslwYokgzaA1mCw\">https:\/\/visitaluksne.lv<\/a><\/p>    <\/div>\n<\/div>\n<!-- \/module text -->        <\/div>\n                    <div  data-lazy=\"1\" class=\"module_column tb-column col3-1 tb_xfol493 last\">\n                    <!-- module text -->\n<div  class=\"module module-text tb_i18s571   \" data-lazy=\"1\">\n        <div  class=\"tb_text_wrap\">\n        <p><strong>Nature House manager:<\/strong><br \/>Ineta UDRASE<br \/><a href=\"tel:+37126552147\" target=\"_blank\" rel=\"noopener\">+371 26552147<\/a><br \/>Working hours: daily from 8:00 till 22:00<\/p>    <\/div>\n<\/div>\n<!-- \/module text -->        <\/div>\n                        <\/div>\n        <\/div>\n        <\/div>\n<!--\/themify_builder_content-->","protected":false},"excerpt":{"rendered":"<p>Al\u016bksnes T\u016brisma inform\u0101cijas centrs Oj\u0101ra V\u0101cie\u0161a iela 1, Al\u016bksne, Al\u016bksnes novads, Latvija, LV-4301 Re\u0123istr\u0101cijas numurs: 40900020894 T\u0101lrunis: +371 25442335; +371 29130280 E-pasts: tic@aluksne.lv https:\/\/visitaluksne.lv Dabas m\u0101ju apsaimniekot\u0101ja kontakti: Ineta UDRASE +371 26552147 Darba laiks: 8:00 &#8211; 22:00<\/p>\n","protected":false},"author":1,"featured_media":3785,"parent":0,"menu_order":0,"comment_status":"closed","ping_status":"closed","template":"","meta":{"footnotes":""},"class_list":["post-4266","page","type-page","status-publish","has-post-thumbnail","hentry","has-post-title","has-post-date","has-post-category","has-post-tag","has-post-comment","has-post-author",""],"yoast_head":"<title>Al\u016bksne Tourism Information centre contacts - VECLAICENE<\/title>\n<meta name=\"description\" content=\"Al\u016bksne Tourism Information centre, Pils iela 25A, Al\u016bksne, Phone: +371 25442335; +371 29130280, e-mail: tic@aluksne.lv\" \/>\n<meta name=\"robots\" content=\"index, follow, max-snippet:-1, max-image-preview:large, max-video-preview:-1\" \/>\n<link rel=\"canonical\" href=\"https:\/\/veclaicene.lv\/kontakti\/\" \/>\n<meta property=\"og:locale\" content=\"en_US\" \/>\n<meta property=\"og:type\" content=\"article\" \/>\n<meta property=\"og:title\" content=\"Al\u016bksne Tourism Information centre contacts - VECLAICENE\" \/>\n<meta property=\"og:description\" content=\"Al\u016bksne Tourism Information centre, Pils iela 25A, Al\u016bksne, Phone: +371 25442335; +371 29130280, e-mail: tic@aluksne.lv\" \/>\n<meta property=\"og:url\" content=\"https:\/\/veclaicene.lv\/kontakti\/\" \/>\n<meta property=\"og:site_name\" content=\"VECLAICENE\" \/>\n<meta property=\"article:publisher\" content=\"https:\/\/www.facebook.com\/veclaicene\/\" \/>\n<meta property=\"article:modified_time\" content=\"2024-01-30T13:22:55+00:00\" \/>\n<meta property=\"og:image\" content=\"https:\/\/veclaicene.lv\/wp-content\/uploads\/2021\/06\/Bibeles_muzejs-400x400-1.webp\" \/>\n\t<meta property=\"og:image:width\" content=\"400\" \/>\n\t<meta property=\"og:image:height\" content=\"400\" \/>\n\t<meta property=\"og:image:type\" content=\"image\/webp\" \/>\n<script type=\"application\/ld+json\" class=\"yoast-schema-graph\">{\"@context\":\"https:\\\/\\\/schema.org\",\"@graph\":[{\"@type\":\"WebPage\",\"@id\":\"https:\\\/\\\/veclaicene.lv\\\/kontakti\\\/\",\"url\":\"https:\\\/\\\/veclaicene.lv\\\/kontakti\\\/\",\"name\":\"Al\u016bksne Tourism Information centre contacts - VECLAICENE\",\"isPartOf\":{\"@id\":\"https:\\\/\\\/veclaicene.lv\\\/#website\"},\"primaryImageOfPage\":{\"@id\":\"https:\\\/\\\/veclaicene.lv\\\/kontakti\\\/#primaryimage\"},\"image\":{\"@id\":\"https:\\\/\\\/veclaicene.lv\\\/kontakti\\\/#primaryimage\"},\"thumbnailUrl\":\"https:\\\/\\\/veclaicene.lv\\\/wp-content\\\/uploads\\\/2021\\\/06\\\/Bibeles_muzejs-400x400-1.webp\",\"datePublished\":\"2021-01-01T13:17:58+00:00\",\"dateModified\":\"2024-01-30T13:22:55+00:00\",\"description\":\"Al\u016bksne Tourism Information centre, Pils iela 25A, Al\u016bksne, Phone: +371 25442335; +371 29130280, e-mail: tic@aluksne.lv\",\"breadcrumb\":{\"@id\":\"https:\\\/\\\/veclaicene.lv\\\/kontakti\\\/#breadcrumb\"},\"inLanguage\":\"en-US\",\"potentialAction\":[{\"@type\":\"ReadAction\",\"target\":[\"https:\\\/\\\/veclaicene.lv\\\/kontakti\\\/\"]}]},{\"@type\":\"ImageObject\",\"inLanguage\":\"en-US\",\"@id\":\"https:\\\/\\\/veclaicene.lv\\\/kontakti\\\/#primaryimage\",\"url\":\"https:\\\/\\\/veclaicene.lv\\\/wp-content\\\/uploads\\\/2021\\\/06\\\/Bibeles_muzejs-400x400-1.webp\",\"contentUrl\":\"https:\\\/\\\/veclaicene.lv\\\/wp-content\\\/uploads\\\/2021\\\/06\\\/Bibeles_muzejs-400x400-1.webp\",\"width\":400,\"height\":400,\"caption\":\"Ernst Gl\u00fcck Bible Museum\"},{\"@type\":\"BreadcrumbList\",\"@id\":\"https:\\\/\\\/veclaicene.lv\\\/kontakti\\\/#breadcrumb\",\"itemListElement\":[{\"@type\":\"ListItem\",\"position\":1,\"name\":\"Home\",\"item\":\"https:\\\/\\\/veclaicene.lv\\\/\"},{\"@type\":\"ListItem\",\"position\":2,\"name\":\"Contacts\"}]},{\"@type\":\"WebSite\",\"@id\":\"https:\\\/\\\/veclaicene.lv\\\/#website\",\"url\":\"https:\\\/\\\/veclaicene.lv\\\/\",\"name\":\"VECLAICENE\",\"description\":\"\",\"publisher\":{\"@id\":\"https:\\\/\\\/veclaicene.lv\\\/#organization\"},\"potentialAction\":[{\"@type\":\"SearchAction\",\"target\":{\"@type\":\"EntryPoint\",\"urlTemplate\":\"https:\\\/\\\/veclaicene.lv\\\/?s={search_term_string}\"},\"query-input\":{\"@type\":\"PropertyValueSpecification\",\"valueRequired\":true,\"valueName\":\"search_term_string\"}}],\"inLanguage\":\"en-US\"},{\"@type\":\"Organization\",\"@id\":\"https:\\\/\\\/veclaicene.lv\\\/#organization\",\"name\":\"veclaicene.lv\",\"url\":\"https:\\\/\\\/veclaicene.lv\\\/\",\"logo\":{\"@type\":\"ImageObject\",\"inLanguage\":\"en-US\",\"@id\":\"https:\\\/\\\/veclaicene.lv\\\/#\\\/schema\\\/logo\\\/image\\\/\",\"url\":\"https:\\\/\\\/veclaicene.lv\\\/wp-content\\\/uploads\\\/2021\\\/01\\\/veclaicene.png\",\"contentUrl\":\"https:\\\/\\\/veclaicene.lv\\\/wp-content\\\/uploads\\\/2021\\\/01\\\/veclaicene.png\",\"width\":229,\"height\":54,\"caption\":\"veclaicene.lv\"},\"image\":{\"@id\":\"https:\\\/\\\/veclaicene.lv\\\/#\\\/schema\\\/logo\\\/image\\\/\"},\"sameAs\":[\"https:\\\/\\\/www.facebook.com\\\/veclaicene\\\/\"]}]}<\/script>","yoast_head_json":{"title":"Al\u016bksne Tourism Information centre contacts - VECLAICENE","description":"Al\u016bksne Tourism Information centre, Pils iela 25A, Al\u016bksne, Phone: +371 25442335; +371 29130280, e-mail: tic@aluksne.lv","robots":{"index":"index","follow":"follow","max-snippet":"max-snippet:-1","max-image-preview":"max-image-preview:large","max-video-preview":"max-video-preview:-1"},"canonical":"https:\/\/veclaicene.lv\/kontakti\/","og_locale":"en_US","og_type":"article","og_title":"Al\u016bksne Tourism Information centre contacts - VECLAICENE","og_description":"Al\u016bksne Tourism Information centre, Pils iela 25A, Al\u016bksne, Phone: +371 25442335; +371 29130280, e-mail: tic@aluksne.lv","og_url":"https:\/\/veclaicene.lv\/kontakti\/","og_site_name":"VECLAICENE","article_publisher":"https:\/\/www.facebook.com\/veclaicene\/","article_modified_time":"2024-01-30T13:22:55+00:00","og_image":[{"width":400,"height":400,"url":"https:\/\/veclaicene.lv\/wp-content\/uploads\/2021\/06\/Bibeles_muzejs-400x400-1.webp","type":"image\/webp"}],"schema":{"@context":"https:\/\/schema.org","@graph":[{"@type":"WebPage","@id":"https:\/\/veclaicene.lv\/kontakti\/","url":"https:\/\/veclaicene.lv\/kontakti\/","name":"Al\u016bksne Tourism Information centre contacts - VECLAICENE","isPartOf":{"@id":"https:\/\/veclaicene.lv\/#website"},"primaryImageOfPage":{"@id":"https:\/\/veclaicene.lv\/kontakti\/#primaryimage"},"image":{"@id":"https:\/\/veclaicene.lv\/kontakti\/#primaryimage"},"thumbnailUrl":"https:\/\/veclaicene.lv\/wp-content\/uploads\/2021\/06\/Bibeles_muzejs-400x400-1.webp","datePublished":"2021-01-01T13:17:58+00:00","dateModified":"2024-01-30T13:22:55+00:00","description":"Al\u016bksne Tourism Information centre, Pils iela 25A, Al\u016bksne, Phone: +371 25442335; +371 29130280, e-mail: tic@aluksne.lv","breadcrumb":{"@id":"https:\/\/veclaicene.lv\/kontakti\/#breadcrumb"},"inLanguage":"en-US","potentialAction":[{"@type":"ReadAction","target":["https:\/\/veclaicene.lv\/kontakti\/"]}]},{"@type":"ImageObject","inLanguage":"en-US","@id":"https:\/\/veclaicene.lv\/kontakti\/#primaryimage","url":"https:\/\/veclaicene.lv\/wp-content\/uploads\/2021\/06\/Bibeles_muzejs-400x400-1.webp","contentUrl":"https:\/\/veclaicene.lv\/wp-content\/uploads\/2021\/06\/Bibeles_muzejs-400x400-1.webp","width":400,"height":400,"caption":"Ernst Gl\u00fcck Bible Museum"},{"@type":"BreadcrumbList","@id":"https:\/\/veclaicene.lv\/kontakti\/#breadcrumb","itemListElement":[{"@type":"ListItem","position":1,"name":"Home","item":"https:\/\/veclaicene.lv\/"},{"@type":"ListItem","position":2,"name":"Contacts"}]},{"@type":"WebSite","@id":"https:\/\/veclaicene.lv\/#website","url":"https:\/\/veclaicene.lv\/","name":"VECLAICENE","description":"","publisher":{"@id":"https:\/\/veclaicene.lv\/#organization"},"potentialAction":[{"@type":"SearchAction","target":{"@type":"EntryPoint","urlTemplate":"https:\/\/veclaicene.lv\/?s={search_term_string}"},"query-input":{"@type":"PropertyValueSpecification","valueRequired":true,"valueName":"search_term_string"}}],"inLanguage":"en-US"},{"@type":"Organization","@id":"https:\/\/veclaicene.lv\/#organization","name":"veclaicene.lv","url":"https:\/\/veclaicene.lv\/","logo":{"@type":"ImageObject","inLanguage":"en-US","@id":"https:\/\/veclaicene.lv\/#\/schema\/logo\/image\/","url":"https:\/\/veclaicene.lv\/wp-content\/uploads\/2021\/01\/veclaicene.png","contentUrl":"https:\/\/veclaicene.lv\/wp-content\/uploads\/2021\/01\/veclaicene.png","width":229,"height":54,"caption":"veclaicene.lv"},"image":{"@id":"https:\/\/veclaicene.lv\/#\/schema\/logo\/image\/"},"sameAs":["https:\/\/www.facebook.com\/veclaicene\/"]}]}},"_links":{"self":[{"href":"https:\/\/veclaicene.lv\/en\/wp-json\/wp\/v2\/pages\/4266","targetHints":{"allow":["GET"]}}],"collection":[{"href":"https:\/\/veclaicene.lv\/en\/wp-json\/wp\/v2\/pages"}],"about":[{"href":"https:\/\/veclaicene.lv\/en\/wp-json\/wp\/v2\/types\/page"}],"author":[{"embeddable":true,"href":"https:\/\/veclaicene.lv\/en\/wp-json\/wp\/v2\/users\/1"}],"replies":[{"embeddable":true,"href":"https:\/\/veclaicene.lv\/en\/wp-json\/wp\/v2\/comments?post=4266"}],"version-history":[{"count":0,"href":"https:\/\/veclaicene.lv\/en\/wp-json\/wp\/v2\/pages\/4266\/revisions"}],"wp:featuredmedia":[{"embeddable":true,"href":"https:\/\/veclaicene.lv\/en\/wp-json\/wp\/v2\/media\/3785"}],"wp:attachment":[{"href":"https:\/\/veclaicene.lv\/en\/wp-json\/wp\/v2\/media?parent=4266"}],"curies":[{"name":"wp","href":"https:\/\/api.w.org\/{rel}","templated":true}]}}