{"id":4782,"date":"2021-01-01T15:33:08","date_gmt":"2021-01-01T13:33:08","guid":{"rendered":"https:\/\/veclaicene.lv\/noderigi\/turisma-informacijas-centri\/"},"modified":"2024-02-23T14:11:15","modified_gmt":"2024-02-23T12:11:15","slug":"turisma-informacijas-centri","status":"publish","type":"page","link":"https:\/\/veclaicene.lv\/en\/noderigi\/turisma-informacijas-centri\/","title":{"rendered":"T\u016brisma inform\u0101cijas centri"},"content":{"rendered":"<!--themify_builder_content-->\n<div id=\"themify_builder_content-4782\" data-postid=\"4782\" class=\"themify_builder_content themify_builder_content-4782 themify_builder tf_clear\">\n                    <div  data-lazy=\"1\" class=\"module_row themify_builder_row tb_9q1t77 tb_first tf_w\">\n                        <div class=\"row_inner col_align_top tb_col_count_1 tf_box tf_rel\">\n                        <div  data-lazy=\"1\" class=\"module_column tb-column col-full tb_4jef78 first\">\n                            <div  data-lazy=\"1\" class=\"module_subrow themify_builder_sub_row tf_w col_align_top tb_col_count_2 tb_0aup829\">\n                <div  data-lazy=\"1\" class=\"module_column sub_column tb_h0r3829 first\">\n                    <!-- module text -->\n<div  class=\"module module-text tb_e46h27   \" data-lazy=\"1\">\n        <div  class=\"tb_text_wrap\">\n        <p><strong>Al\u016bksnes T\u016brisma inform\u0101cijas centrs<\/strong><br \/>Oj\u0101ra V\u0101cie\u0161a iela 1, Al\u016bksne, Al\u016bksnes novads, LV-4301<br \/>T\u0101lrunis: <a href=\"tel:+37125442335\" target=\"_blank\" rel=\"noopener\">+371 25442335<\/a>; <a href=\"tel:+37129130280\" target=\"_blank\" rel=\"noopener\">+371 29130280<\/a><br \/>E-pasts: <a href=\"mailto:tic@aluksne.lv\" target=\"_blank\" rel=\"noopener\">tic@aluksne.lv<\/a><br \/><a href=\"https:\/\/visitaluksne.lv\/\" target=\"_blank\" rel=\"noopener\" data-saferedirecturl=\"https:\/\/www.google.com\/url?q=http:\/\/www.visitaluksne.lv&amp;source=gmail&amp;ust=1555235024986000&amp;usg=AFQjCNGLlDaI_LdsejeLslwYokgzaA1mCw\">https:\/\/visitaluksne.lv<\/a><\/p>    <\/div>\n<\/div>\n<!-- \/module text -->        <\/div>\n                    <div  data-lazy=\"1\" class=\"module_column sub_column tb_sdcq829 last\">\n                    <!-- module text -->\n<div  class=\"module module-text tb_jzgb694   \" data-lazy=\"1\">\n        <div  class=\"tb_text_wrap\">\n        <p><strong>Apes T\u016brisma inform\u0101cijas centrs<\/strong><br \/>Skolas iela 4, Ape, Apes novads, LV-4337<br \/>T\u0101lrunis: <a href=\"tel:+37122037518\" target=\"_blank\" rel=\"noopener\">+371 22037518<\/a><br \/>E-pasts:\u00a0<a href=\"mailto:tic@ape.lv\" target=\"_blank\" rel=\"noopener\">tic@ape.lv<\/a><br \/><a href=\"http:\/\/www.apesnovads.lv\/\" target=\"_blank\" rel=\"noopener\" data-saferedirecturl=\"https:\/\/www.google.com\/url?q=http:\/\/www.apesnovads.lv&amp;source=gmail&amp;ust=1555235024986000&amp;usg=AFQjCNGPFRtpf2eVNbn3gqXyQivQyPHLsQ\">http:\/\/www.apesnovads.lv<\/a><\/p>    <\/div>\n<\/div>\n<!-- \/module text -->        <\/div>\n                    <\/div>\n        <!-- module text -->\n<div  class=\"module module-text tb_ltvf436   \" data-lazy=\"1\">\n        <div  class=\"tb_text_wrap\">\n        <div class=\"text\" data-v-66e272d6=\"\"><p style=\"text-align: left\"><strong>Pa\u0161apkalpo\u0161an\u0101s inform\u0101cijas punkti:<br \/><\/strong>\u201cVai\u0146agi\u201d, Korneti, Veclaicenes pagasts, Al\u016bksnes novads;<br \/>Valsts galvenais autoce\u013c\u0161 A2 R\u012bga-Sigulda-Igaunijas robe\u017ea (Veclaicene) 191,5 kilometra st\u0101vlaukum\u0101<\/p><p style=\"text-align: left\"><strong>Gidi:<br \/><\/strong>Maija Bleiferte (LV, EST) <a href=\"tel:+37129347398\" target=\"_blank\" rel=\"noopener\">+371 29347398<\/a>,<br \/>J\u0101nis Prangels (LV, EST, RUS) <a href=\"tel:+37126520232\" target=\"_blank\" rel=\"noopener\">+371 26520232<\/a>, <a href=\"tel:+37253930896\" target=\"_blank\" rel=\"noopener\">+372 53930896<\/a><\/p><\/div>    <\/div>\n<\/div>\n<!-- \/module text -->        <\/div>\n                        <\/div>\n        <\/div>\n        <\/div>\n<!--\/themify_builder_content-->","protected":false},"excerpt":{"rendered":"<p>Al\u016bksnes T\u016brisma inform\u0101cijas centrs Oj\u0101ra V\u0101cie\u0161a iela 1, Al\u016bksne, Al\u016bksnes novads, LV-4301 T\u0101lrunis: +371 25442335; +371 29130280 E-pasts: tic@aluksne.lv https:\/\/visitaluksne.lv Apes T\u016brisma inform\u0101cijas centrs Skolas iela 4, Ape, Apes novads, LV-4337 T\u0101lrunis: +371 22037518 E-pasts:\u00a0tic@ape.lv http:\/\/www.apesnovads.lv Pa\u0161apkalpo\u0161an\u0101s inform\u0101cijas punkti: \u201cVai\u0146agi\u201d, Korneti, Veclaicenes pagasts, Al\u016bksnes novads; Valsts galvenais autoce\u013c\u0161 A2 R\u012bga-Sigulda-Igaunijas robe\u017ea (Veclaicene) 191,5 kilometra st\u0101vlaukum\u0101 [&hellip;]<\/p>\n","protected":false},"author":1,"featured_media":857,"parent":4204,"menu_order":1,"comment_status":"closed","ping_status":"closed","template":"","meta":{"footnotes":""},"class_list":["post-4782","page","type-page","status-publish","has-post-thumbnail","hentry","has-post-title","has-post-date","has-post-category","has-post-tag","has-post-comment","has-post-author",""],"yoast_head":"<title>T\u016brisma inform\u0101cijas centri - VECLAICENE<\/title>\n<meta name=\"description\" content=\"T\u016brisma inform\u0101cijas centri\" \/>\n<meta name=\"robots\" content=\"index, follow, max-snippet:-1, max-image-preview:large, max-video-preview:-1\" \/>\n<link rel=\"canonical\" href=\"https:\/\/veclaicene.lv\/en\/noderigi\/turisma-informacijas-centri\/\" \/>\n<meta property=\"og:locale\" content=\"en_US\" \/>\n<meta property=\"og:type\" content=\"article\" \/>\n<meta property=\"og:title\" content=\"T\u016brisma inform\u0101cijas centri - VECLAICENE\" \/>\n<meta property=\"og:description\" content=\"T\u016brisma inform\u0101cijas centri\" \/>\n<meta property=\"og:url\" content=\"https:\/\/veclaicene.lv\/en\/noderigi\/turisma-informacijas-centri\/\" \/>\n<meta property=\"og:site_name\" content=\"VECLAICENE\" \/>\n<meta property=\"article:publisher\" content=\"https:\/\/www.facebook.com\/veclaicene\/\" \/>\n<meta property=\"article:modified_time\" content=\"2024-02-23T12:11:15+00:00\" \/>\n<meta property=\"og:image\" content=\"https:\/\/veclaicene.lv\/wp-content\/uploads\/2021\/01\/cropped-veclaicene_logo.png\" \/>\n\t<meta property=\"og:image:width\" content=\"512\" \/>\n\t<meta property=\"og:image:height\" content=\"512\" \/>\n\t<meta property=\"og:image:type\" content=\"image\/png\" \/>\n<script type=\"application\/ld+json\" class=\"yoast-schema-graph\">{\"@context\":\"https:\\\/\\\/schema.org\",\"@graph\":[{\"@type\":\"WebPage\",\"@id\":\"https:\\\/\\\/veclaicene.lv\\\/en\\\/noderigi\\\/turisma-informacijas-centri\\\/\",\"url\":\"https:\\\/\\\/veclaicene.lv\\\/en\\\/noderigi\\\/turisma-informacijas-centri\\\/\",\"name\":\"T\u016brisma inform\u0101cijas centri - VECLAICENE\",\"isPartOf\":{\"@id\":\"https:\\\/\\\/veclaicene.lv\\\/#website\"},\"primaryImageOfPage\":{\"@id\":\"https:\\\/\\\/veclaicene.lv\\\/en\\\/noderigi\\\/turisma-informacijas-centri\\\/#primaryimage\"},\"image\":{\"@id\":\"https:\\\/\\\/veclaicene.lv\\\/en\\\/noderigi\\\/turisma-informacijas-centri\\\/#primaryimage\"},\"thumbnailUrl\":\"https:\\\/\\\/veclaicene.lv\\\/wp-content\\\/uploads\\\/2021\\\/01\\\/cropped-veclaicene_logo.png\",\"datePublished\":\"2021-01-01T13:33:08+00:00\",\"dateModified\":\"2024-02-23T12:11:15+00:00\",\"description\":\"T\u016brisma inform\u0101cijas centri\",\"breadcrumb\":{\"@id\":\"https:\\\/\\\/veclaicene.lv\\\/en\\\/noderigi\\\/turisma-informacijas-centri\\\/#breadcrumb\"},\"inLanguage\":\"en-US\",\"potentialAction\":[{\"@type\":\"ReadAction\",\"target\":[\"https:\\\/\\\/veclaicene.lv\\\/en\\\/noderigi\\\/turisma-informacijas-centri\\\/\"]}]},{\"@type\":\"ImageObject\",\"inLanguage\":\"en-US\",\"@id\":\"https:\\\/\\\/veclaicene.lv\\\/en\\\/noderigi\\\/turisma-informacijas-centri\\\/#primaryimage\",\"url\":\"https:\\\/\\\/veclaicene.lv\\\/wp-content\\\/uploads\\\/2021\\\/01\\\/cropped-veclaicene_logo.png\",\"contentUrl\":\"https:\\\/\\\/veclaicene.lv\\\/wp-content\\\/uploads\\\/2021\\\/01\\\/cropped-veclaicene_logo.png\",\"width\":512,\"height\":512,\"caption\":\"VECLAICENE\"},{\"@type\":\"BreadcrumbList\",\"@id\":\"https:\\\/\\\/veclaicene.lv\\\/en\\\/noderigi\\\/turisma-informacijas-centri\\\/#breadcrumb\",\"itemListElement\":[{\"@type\":\"ListItem\",\"position\":1,\"name\":\"Home\",\"item\":\"https:\\\/\\\/veclaicene.lv\\\/\"},{\"@type\":\"ListItem\",\"position\":2,\"name\":\"Useful\",\"item\":\"https:\\\/\\\/veclaicene.lv\\\/noderigi\\\/\"},{\"@type\":\"ListItem\",\"position\":3,\"name\":\"T\u016brisma inform\u0101cijas centri\"}]},{\"@type\":\"WebSite\",\"@id\":\"https:\\\/\\\/veclaicene.lv\\\/#website\",\"url\":\"https:\\\/\\\/veclaicene.lv\\\/\",\"name\":\"VECLAICENE\",\"description\":\"\",\"publisher\":{\"@id\":\"https:\\\/\\\/veclaicene.lv\\\/#organization\"},\"potentialAction\":[{\"@type\":\"SearchAction\",\"target\":{\"@type\":\"EntryPoint\",\"urlTemplate\":\"https:\\\/\\\/veclaicene.lv\\\/?s={search_term_string}\"},\"query-input\":{\"@type\":\"PropertyValueSpecification\",\"valueRequired\":true,\"valueName\":\"search_term_string\"}}],\"inLanguage\":\"en-US\"},{\"@type\":\"Organization\",\"@id\":\"https:\\\/\\\/veclaicene.lv\\\/#organization\",\"name\":\"veclaicene.lv\",\"url\":\"https:\\\/\\\/veclaicene.lv\\\/\",\"logo\":{\"@type\":\"ImageObject\",\"inLanguage\":\"en-US\",\"@id\":\"https:\\\/\\\/veclaicene.lv\\\/#\\\/schema\\\/logo\\\/image\\\/\",\"url\":\"https:\\\/\\\/veclaicene.lv\\\/wp-content\\\/uploads\\\/2021\\\/01\\\/veclaicene.png\",\"contentUrl\":\"https:\\\/\\\/veclaicene.lv\\\/wp-content\\\/uploads\\\/2021\\\/01\\\/veclaicene.png\",\"width\":229,\"height\":54,\"caption\":\"veclaicene.lv\"},\"image\":{\"@id\":\"https:\\\/\\\/veclaicene.lv\\\/#\\\/schema\\\/logo\\\/image\\\/\"},\"sameAs\":[\"https:\\\/\\\/www.facebook.com\\\/veclaicene\\\/\"]}]}<\/script>","yoast_head_json":{"title":"T\u016brisma inform\u0101cijas centri - VECLAICENE","description":"T\u016brisma inform\u0101cijas centri","robots":{"index":"index","follow":"follow","max-snippet":"max-snippet:-1","max-image-preview":"max-image-preview:large","max-video-preview":"max-video-preview:-1"},"canonical":"https:\/\/veclaicene.lv\/en\/noderigi\/turisma-informacijas-centri\/","og_locale":"en_US","og_type":"article","og_title":"T\u016brisma inform\u0101cijas centri - VECLAICENE","og_description":"T\u016brisma inform\u0101cijas centri","og_url":"https:\/\/veclaicene.lv\/en\/noderigi\/turisma-informacijas-centri\/","og_site_name":"VECLAICENE","article_publisher":"https:\/\/www.facebook.com\/veclaicene\/","article_modified_time":"2024-02-23T12:11:15+00:00","og_image":[{"width":512,"height":512,"url":"https:\/\/veclaicene.lv\/wp-content\/uploads\/2021\/01\/cropped-veclaicene_logo.png","type":"image\/png"}],"schema":{"@context":"https:\/\/schema.org","@graph":[{"@type":"WebPage","@id":"https:\/\/veclaicene.lv\/en\/noderigi\/turisma-informacijas-centri\/","url":"https:\/\/veclaicene.lv\/en\/noderigi\/turisma-informacijas-centri\/","name":"T\u016brisma inform\u0101cijas centri - VECLAICENE","isPartOf":{"@id":"https:\/\/veclaicene.lv\/#website"},"primaryImageOfPage":{"@id":"https:\/\/veclaicene.lv\/en\/noderigi\/turisma-informacijas-centri\/#primaryimage"},"image":{"@id":"https:\/\/veclaicene.lv\/en\/noderigi\/turisma-informacijas-centri\/#primaryimage"},"thumbnailUrl":"https:\/\/veclaicene.lv\/wp-content\/uploads\/2021\/01\/cropped-veclaicene_logo.png","datePublished":"2021-01-01T13:33:08+00:00","dateModified":"2024-02-23T12:11:15+00:00","description":"T\u016brisma inform\u0101cijas centri","breadcrumb":{"@id":"https:\/\/veclaicene.lv\/en\/noderigi\/turisma-informacijas-centri\/#breadcrumb"},"inLanguage":"en-US","potentialAction":[{"@type":"ReadAction","target":["https:\/\/veclaicene.lv\/en\/noderigi\/turisma-informacijas-centri\/"]}]},{"@type":"ImageObject","inLanguage":"en-US","@id":"https:\/\/veclaicene.lv\/en\/noderigi\/turisma-informacijas-centri\/#primaryimage","url":"https:\/\/veclaicene.lv\/wp-content\/uploads\/2021\/01\/cropped-veclaicene_logo.png","contentUrl":"https:\/\/veclaicene.lv\/wp-content\/uploads\/2021\/01\/cropped-veclaicene_logo.png","width":512,"height":512,"caption":"VECLAICENE"},{"@type":"BreadcrumbList","@id":"https:\/\/veclaicene.lv\/en\/noderigi\/turisma-informacijas-centri\/#breadcrumb","itemListElement":[{"@type":"ListItem","position":1,"name":"Home","item":"https:\/\/veclaicene.lv\/"},{"@type":"ListItem","position":2,"name":"Useful","item":"https:\/\/veclaicene.lv\/noderigi\/"},{"@type":"ListItem","position":3,"name":"T\u016brisma inform\u0101cijas centri"}]},{"@type":"WebSite","@id":"https:\/\/veclaicene.lv\/#website","url":"https:\/\/veclaicene.lv\/","name":"VECLAICENE","description":"","publisher":{"@id":"https:\/\/veclaicene.lv\/#organization"},"potentialAction":[{"@type":"SearchAction","target":{"@type":"EntryPoint","urlTemplate":"https:\/\/veclaicene.lv\/?s={search_term_string}"},"query-input":{"@type":"PropertyValueSpecification","valueRequired":true,"valueName":"search_term_string"}}],"inLanguage":"en-US"},{"@type":"Organization","@id":"https:\/\/veclaicene.lv\/#organization","name":"veclaicene.lv","url":"https:\/\/veclaicene.lv\/","logo":{"@type":"ImageObject","inLanguage":"en-US","@id":"https:\/\/veclaicene.lv\/#\/schema\/logo\/image\/","url":"https:\/\/veclaicene.lv\/wp-content\/uploads\/2021\/01\/veclaicene.png","contentUrl":"https:\/\/veclaicene.lv\/wp-content\/uploads\/2021\/01\/veclaicene.png","width":229,"height":54,"caption":"veclaicene.lv"},"image":{"@id":"https:\/\/veclaicene.lv\/#\/schema\/logo\/image\/"},"sameAs":["https:\/\/www.facebook.com\/veclaicene\/"]}]}},"_links":{"self":[{"href":"https:\/\/veclaicene.lv\/en\/wp-json\/wp\/v2\/pages\/4782","targetHints":{"allow":["GET"]}}],"collection":[{"href":"https:\/\/veclaicene.lv\/en\/wp-json\/wp\/v2\/pages"}],"about":[{"href":"https:\/\/veclaicene.lv\/en\/wp-json\/wp\/v2\/types\/page"}],"author":[{"embeddable":true,"href":"https:\/\/veclaicene.lv\/en\/wp-json\/wp\/v2\/users\/1"}],"replies":[{"embeddable":true,"href":"https:\/\/veclaicene.lv\/en\/wp-json\/wp\/v2\/comments?post=4782"}],"version-history":[{"count":0,"href":"https:\/\/veclaicene.lv\/en\/wp-json\/wp\/v2\/pages\/4782\/revisions"}],"up":[{"embeddable":true,"href":"https:\/\/veclaicene.lv\/en\/wp-json\/wp\/v2\/pages\/4204"}],"wp:featuredmedia":[{"embeddable":true,"href":"https:\/\/veclaicene.lv\/en\/wp-json\/wp\/v2\/media\/857"}],"wp:attachment":[{"href":"https:\/\/veclaicene.lv\/en\/wp-json\/wp\/v2\/media?parent=4782"}],"curies":[{"name":"wp","href":"https:\/\/api.w.org\/{rel}","templated":true}]}}