{"id":5166,"date":"2021-05-01T13:27:27","date_gmt":"2021-05-01T10:27:27","guid":{"rendered":"https:\/\/veclaicene.lv\/noteikumi\/"},"modified":"2022-05-01T09:21:23","modified_gmt":"2022-05-01T06:21:23","slug":"noteikumi","status":"publish","type":"page","link":"https:\/\/veclaicene.lv\/en\/noteikumi\/","title":{"rendered":"Terms and conditions"},"content":{"rendered":"<h1 style=\"text-align: center;\">NATURE HOUSES<br \/>\nINTERNAL PROCEDURES AND RULES OF USE<\/h1>\n<p style=\"text-align: center;\"><strong>TO ENJOY A SAFE AND SAFE HOLIDAY IN THE NATURE HOME, PLEASE READ AND CONFIRM YOUR AGREEMENT TO THE TERMS AND CONDITIONS OF USE AND USE OF THE NATURE HOME.<\/strong><\/p>\n<p>Arranging a guaranteed reservation means that the visitor agrees with all the internal rules and use of the Nature House and undertakes to fully comply with them.<\/p>\n<p><strong>The booked visit to the Nature House for one night is valid from 15:00 until the next day at 12:00 (noon).<\/strong> After The access code issued at 12:00 is no longer valid and the door is locked automatically unless the reservation is made for several days.<\/p>\n<p><strong>The fee for using the nature house for one night is 75.00 EUR (seventy five <em>euros<\/em>).<\/strong><\/p>\n<p>The person making the Nature House reservation assumes responsibility for the preservation and protection of the property and the environment, as well as undertakes to cover the losses incurred during their stay, in accordance with their actual value.<br \/>\nPlease be informed that the manager of the Nature House in the external territory: Al\u016bksne municipality, D\u0101rza iela 11, Al\u016bksne, Al\u016bksne municipality performs video surveillance with the aim to ensure property protection.<br \/>\nIt is prohibited to use the premises and territory for commercial activities.<\/p>\n<h3 style=\"text-align: center;\">TERRITORY<\/h3>\n<p>Please note that you are in the Veclaicene nature reserve of specially protected landscape areas, and please respect nature and the environment.<br \/>\nNature houses have the necessary equipment for independent cleanliness &#8211; use it safely!<br \/>\nNature houses are not equipped with electricity and lighting.<br \/>\nThe nature house has beds with 10 mattresses.<br \/>\nWhile staying in the territory of the House of Nature, visitors must observe the culture of mutual relations.<br \/>\nIt is prohibited to bring and store flammable substances and objects, use fire-hazardous devices and devices with an open flame in nature homes.<br \/>\nUse the grill on the campfire to prepare meals.<br \/>\nVisitors to the Nature House are obliged to protect and preserve the equipment located in the Nature House, it is strictly forbidden to take it out for outdoor use.<br \/>\nThe booker is fully responsible for material damage. The amount of the loss is determined by the manager of the Nature House.<br \/>\nThe manager of the nature house is not responsible for the belongings of visitors left in the territory. In case there are any personal belongings left in the Nature House, please contact the Nature House manager immediately.<\/p>\n<h3 style=\"text-align: center;\">WASTE<\/h3>\n<p>The norms of cleanliness and order must be observed in the territory of the nature house. Please do not pollute and clean the premises and territory behind you, deliver the waste in specially placed waste containers near the Nature House.<br \/>\nIt is forbidden to leave waste in an unintended place in the Nature House or its territory, as well as to throw it in the forest or in another unintended place in the forest and \/ or in the immediate vicinity. When walking in nature and staying in a nature house, follow the principle: <strong>What you bring, take away!<\/strong><\/p>\n<h3 style=\"text-align: center;\">FURNACE FUELING<\/h3>\n<p>Only the firewood that is placed in a box next to the stove can be used to heat a natural house stove.<\/p>\n<h3 style=\"text-align: center;\">CAMP FIRE<\/h3>\n<p>It is allowed to light fires only in the places intended and specially installed for them.<br \/>\nIt is allowed to use firewood, which has been prepared and stacked in a ridge near the House of Nature, to heat a campfire. It is forbidden to collect fuel and bring branches and trees from the forest to burn a campfire.<\/p>\n<h3 style=\"text-align: center;\">SMOKING<\/h3>\n<p>It is forbidden to smoke indoors in nature houses. It is allowed to do so at a safe distance of not less than 10 meters from the buildings. Cigarettes may only be thrown in the rubbish bins after thoroughly extinguishing them.<\/p>\n<h3 style=\"text-align: center;\">CAR<\/h3>\n<p>Visitors to the Nature House by Lake Raipala should take into account that the car must be parked in the parking lot near the Mi\u0161u Honey Museum, movement of the car to this Nature House is not allowed.<br \/>\nIt is forbidden to clean \/ wash all types of vehicles in the territory of nature houses.<\/p>\n<h3 style=\"text-align: center;\">PETS<\/h3>\n<p>Dogs and cats that are not aggressive are allowed in the territory of the nature house. Pets must always be kept on a leash, it is the owners&#8217; responsibility to collect their pet and look after it at all times.<\/p>\n<h3 style=\"text-align: center;\">FISHING<\/h3>\n<p>Fishing is permitted in accordance with the regulations of the Cabinet of Ministers of the Republic of Latvia on fishing, crayfish and underwater hunting. A person who has a valid fishing, crayfishing and underwater hunting card or an electronically (on the website <a href=\"https:\/\/www.makskeresanaskarte.lv\" target=\"_blank\" rel=\"noopener\">https:\/\/www.makskeresanaskarte.lv<\/a>\/) fishing, crayfishing and underwater hunting card has the right to fish, crayfish and engage in underwater hunting for his own consumption, in which the name, surname and personal identification code of the person are indicated, or the number of such card is named.<\/p>\n<h3 style=\"text-align: center;\">DAMAGES<\/h3>\n<p>If, upon arrival at the Nature House, you find damage to it or the adjacent territory, please report it to the operator immediately.<br \/>\nWe also ask you to report any damage during your visit immediately. If the damage is caused by the fault of the visitor, the visitor will be charged an appropriate fee, depending on the amount of damage.<\/p>\n<p><strong>The manager records the condition of the Nature House before and after each reservation.<\/strong><br \/>\n<strong>Working hours of the nature house manager:<\/strong> every day from 8:00 to 22:00<br \/>\n<strong>Manager&#8217;s contacts:<\/strong> phone <a href=\"tel:+37126552147\">+371 26552147<\/a><\/p>\n<h3 style=\"text-align: center;\">WHAT TO DO IN AN EMERGENCY?<\/h3>\n<p>In case of injury and sudden illness, call the emergency services to the single emergency number <strong><a href=\"tel:112\">112<\/a><\/strong>.<\/p>\n<p><strong>When the dispatcher answers your call:<\/strong><\/p>\n<ul>\n<li>Briefly tell us what happened.<\/li>\n<li>Name the exact address or describe the location of the event.<\/li>\n<li>Answer the dispatcher&#8217;s questions.<\/li>\n<li>At the request of the dispatcher, state your surname and telephone number.<\/li>\n<li>Don&#8217;t interrupt the conversation first.<\/li>\n<li>Be callable, you may need to contact you again.<\/li>\n<li>Concrete answers will speed up the process of getting help.<\/li>\n<\/ul>\n<h3 style=\"text-align: center;\">COORDINATES OF NATURAL HOUSES<\/h3>\n<p>Nature house at Lake Vaidava, GPS 57.5552, 27.1105<br \/>\nNature house at Lake Raipals, GPS 57.5847, 26.9945<br \/>\nNature House at Lake Palpieris, GPS 57.5791, 26.8613<br \/>\nNature House at Lake Ilg\u0101js, GPS 57.5903, 26.8627<br \/>\nNature House at Lake Eni\u0137is, GPS 57.5746, 26.8317<\/p>\n<h3 style=\"text-align: center;\">QUESTIONS, COMPLAINTS, SUGGESTIONS, INFORMATION<\/h3>\n<p>With questions, complaints and suggestions, visitors are welcome to contact the Nature House Administration by e-mail: <a href=\"mailto:veclaicene@aluksne.lv\">veclaicene@aluksne.lv<\/a>. We will be happy to help you resolve any uncertain issues &#8211; to the best of our ability.<\/p>\n<p><strong>SODS par \u0161o noteikumu p\u0101rk\u0101pumu ir 50,00 EUR (piecdesmit <em>euro<\/em>).<\/strong><\/p>\n<h3 style=\"text-align: center;\">WHEN REGISTERING, THE VISITOR AGREES THAT THE RESERVATION DATA IS USED TO ENSURE COMPLIANCE WITH THE INTERNAL PROCEDURES OF NATURE HOUSES AND THE TERMS OF USE.<\/h3>\n<p>&nbsp;<\/p>\n<h2 style=\"text-align: center;\">ALLOWED AND EVEN NEEDED!<br \/>\nMOVE WELL, REST WELL AND ALLOW ALL OF YOUR TIMES TO ALLOW YOURSELF TO SLEEP !!!<\/h2>\n<p>* By booking the Nature House and being in its territory, visitors agree to the internal rules and conditions of use and undertake to comply with them.<br \/>\n* The information provided for booking nature houses is true.<\/p>\n<p>&nbsp;<\/p>\n<p><img decoding=\"async\" class=\"size-full wp-image-1397 aligncenter\" src=\"https:\/\/veclaicene.lv\/wp-content\/uploads\/2021\/01\/veclaicene.png\" alt=\"VECLAICENE\" width=\"229\" height=\"54\" \/><\/p>\n<!--themify_builder_content-->\n<div id=\"themify_builder_content-5166\" data-postid=\"5166\" class=\"themify_builder_content themify_builder_content-5166 themify_builder tf_clear\">\n    <\/div>\n<!--\/themify_builder_content-->\n","protected":false},"excerpt":{"rendered":"<p>NATURE HOUSES INTERNAL PROCEDURES AND RULES OF USE TO ENJOY A SAFE AND SAFE HOLIDAY IN THE NATURE HOME, PLEASE READ AND CONFIRM YOUR AGREEMENT TO THE TERMS AND CONDITIONS OF USE AND USE OF THE NATURE HOME. Arranging a guaranteed reservation means that the visitor agrees with all the internal rules and use of [&hellip;]<\/p>\n","protected":false},"author":1,"featured_media":857,"parent":0,"menu_order":0,"comment_status":"closed","ping_status":"closed","template":"","meta":{"footnotes":""},"class_list":["post-5166","page","type-page","status-publish","has-post-thumbnail","hentry","has-post-title","has-post-date","has-post-category","has-post-tag","has-post-comment","has-post-author",""],"yoast_head":"<title>Terms and conditions - VECLAICENE<\/title>\n<meta name=\"description\" content=\"INTERNAL PROCEDURES AND RULES OF USE OF NATURE HOUSE\" \/>\n<meta name=\"robots\" content=\"index, follow, max-snippet:-1, max-image-preview:large, max-video-preview:-1\" \/>\n<link rel=\"canonical\" href=\"https:\/\/veclaicene.lv\/noteikumi\/\" \/>\n<meta property=\"og:locale\" content=\"en_US\" \/>\n<meta property=\"og:type\" content=\"article\" \/>\n<meta property=\"og:title\" content=\"Terms and conditions - VECLAICENE\" \/>\n<meta property=\"og:description\" content=\"INTERNAL PROCEDURES AND RULES OF USE OF NATURE HOUSE\" \/>\n<meta property=\"og:url\" content=\"https:\/\/veclaicene.lv\/noteikumi\/\" \/>\n<meta property=\"og:site_name\" content=\"VECLAICENE\" \/>\n<meta property=\"article:publisher\" content=\"https:\/\/www.facebook.com\/veclaicene\/\" \/>\n<meta property=\"article:modified_time\" content=\"2022-05-01T06:21:23+00:00\" \/>\n<meta property=\"og:image\" content=\"https:\/\/veclaicene.lv\/wp-content\/uploads\/2021\/01\/cropped-veclaicene_logo.png\" \/>\n\t<meta property=\"og:image:width\" content=\"512\" \/>\n\t<meta property=\"og:image:height\" content=\"512\" \/>\n\t<meta property=\"og:image:type\" content=\"image\/png\" \/>\n<meta name=\"twitter:label1\" content=\"Est. reading time\" \/>\n\t<meta name=\"twitter:data1\" content=\"4 minutes\" \/>\n<script type=\"application\/ld+json\" class=\"yoast-schema-graph\">{\"@context\":\"https:\\\/\\\/schema.org\",\"@graph\":[{\"@type\":\"WebPage\",\"@id\":\"https:\\\/\\\/veclaicene.lv\\\/noteikumi\\\/\",\"url\":\"https:\\\/\\\/veclaicene.lv\\\/noteikumi\\\/\",\"name\":\"Terms and conditions - VECLAICENE\",\"isPartOf\":{\"@id\":\"https:\\\/\\\/veclaicene.lv\\\/#website\"},\"primaryImageOfPage\":{\"@id\":\"https:\\\/\\\/veclaicene.lv\\\/noteikumi\\\/#primaryimage\"},\"image\":{\"@id\":\"https:\\\/\\\/veclaicene.lv\\\/noteikumi\\\/#primaryimage\"},\"thumbnailUrl\":\"https:\\\/\\\/veclaicene.lv\\\/wp-content\\\/uploads\\\/2021\\\/01\\\/cropped-veclaicene_logo.png\",\"datePublished\":\"2021-05-01T10:27:27+00:00\",\"dateModified\":\"2022-05-01T06:21:23+00:00\",\"description\":\"INTERNAL PROCEDURES AND RULES OF USE OF NATURE HOUSE\",\"breadcrumb\":{\"@id\":\"https:\\\/\\\/veclaicene.lv\\\/noteikumi\\\/#breadcrumb\"},\"inLanguage\":\"en-US\",\"potentialAction\":[{\"@type\":\"ReadAction\",\"target\":[\"https:\\\/\\\/veclaicene.lv\\\/noteikumi\\\/\"]}]},{\"@type\":\"ImageObject\",\"inLanguage\":\"en-US\",\"@id\":\"https:\\\/\\\/veclaicene.lv\\\/noteikumi\\\/#primaryimage\",\"url\":\"https:\\\/\\\/veclaicene.lv\\\/wp-content\\\/uploads\\\/2021\\\/01\\\/cropped-veclaicene_logo.png\",\"contentUrl\":\"https:\\\/\\\/veclaicene.lv\\\/wp-content\\\/uploads\\\/2021\\\/01\\\/cropped-veclaicene_logo.png\",\"width\":512,\"height\":512,\"caption\":\"VECLAICENE\"},{\"@type\":\"BreadcrumbList\",\"@id\":\"https:\\\/\\\/veclaicene.lv\\\/noteikumi\\\/#breadcrumb\",\"itemListElement\":[{\"@type\":\"ListItem\",\"position\":1,\"name\":\"Home\",\"item\":\"https:\\\/\\\/veclaicene.lv\\\/\"},{\"@type\":\"ListItem\",\"position\":2,\"name\":\"Terms and conditions\"}]},{\"@type\":\"WebSite\",\"@id\":\"https:\\\/\\\/veclaicene.lv\\\/#website\",\"url\":\"https:\\\/\\\/veclaicene.lv\\\/\",\"name\":\"VECLAICENE\",\"description\":\"\",\"publisher\":{\"@id\":\"https:\\\/\\\/veclaicene.lv\\\/#organization\"},\"potentialAction\":[{\"@type\":\"SearchAction\",\"target\":{\"@type\":\"EntryPoint\",\"urlTemplate\":\"https:\\\/\\\/veclaicene.lv\\\/?s={search_term_string}\"},\"query-input\":{\"@type\":\"PropertyValueSpecification\",\"valueRequired\":true,\"valueName\":\"search_term_string\"}}],\"inLanguage\":\"en-US\"},{\"@type\":\"Organization\",\"@id\":\"https:\\\/\\\/veclaicene.lv\\\/#organization\",\"name\":\"veclaicene.lv\",\"url\":\"https:\\\/\\\/veclaicene.lv\\\/\",\"logo\":{\"@type\":\"ImageObject\",\"inLanguage\":\"en-US\",\"@id\":\"https:\\\/\\\/veclaicene.lv\\\/#\\\/schema\\\/logo\\\/image\\\/\",\"url\":\"https:\\\/\\\/veclaicene.lv\\\/wp-content\\\/uploads\\\/2021\\\/01\\\/veclaicene.png\",\"contentUrl\":\"https:\\\/\\\/veclaicene.lv\\\/wp-content\\\/uploads\\\/2021\\\/01\\\/veclaicene.png\",\"width\":229,\"height\":54,\"caption\":\"veclaicene.lv\"},\"image\":{\"@id\":\"https:\\\/\\\/veclaicene.lv\\\/#\\\/schema\\\/logo\\\/image\\\/\"},\"sameAs\":[\"https:\\\/\\\/www.facebook.com\\\/veclaicene\\\/\"]}]}<\/script>","yoast_head_json":{"title":"Terms and conditions - VECLAICENE","description":"INTERNAL PROCEDURES AND RULES OF USE OF NATURE HOUSE","robots":{"index":"index","follow":"follow","max-snippet":"max-snippet:-1","max-image-preview":"max-image-preview:large","max-video-preview":"max-video-preview:-1"},"canonical":"https:\/\/veclaicene.lv\/noteikumi\/","og_locale":"en_US","og_type":"article","og_title":"Terms and conditions - VECLAICENE","og_description":"INTERNAL PROCEDURES AND RULES OF USE OF NATURE HOUSE","og_url":"https:\/\/veclaicene.lv\/noteikumi\/","og_site_name":"VECLAICENE","article_publisher":"https:\/\/www.facebook.com\/veclaicene\/","article_modified_time":"2022-05-01T06:21:23+00:00","og_image":[{"width":512,"height":512,"url":"https:\/\/veclaicene.lv\/wp-content\/uploads\/2021\/01\/cropped-veclaicene_logo.png","type":"image\/png"}],"twitter_misc":{"Est. reading time":"4 minutes"},"schema":{"@context":"https:\/\/schema.org","@graph":[{"@type":"WebPage","@id":"https:\/\/veclaicene.lv\/noteikumi\/","url":"https:\/\/veclaicene.lv\/noteikumi\/","name":"Terms and conditions - VECLAICENE","isPartOf":{"@id":"https:\/\/veclaicene.lv\/#website"},"primaryImageOfPage":{"@id":"https:\/\/veclaicene.lv\/noteikumi\/#primaryimage"},"image":{"@id":"https:\/\/veclaicene.lv\/noteikumi\/#primaryimage"},"thumbnailUrl":"https:\/\/veclaicene.lv\/wp-content\/uploads\/2021\/01\/cropped-veclaicene_logo.png","datePublished":"2021-05-01T10:27:27+00:00","dateModified":"2022-05-01T06:21:23+00:00","description":"INTERNAL PROCEDURES AND RULES OF USE OF NATURE HOUSE","breadcrumb":{"@id":"https:\/\/veclaicene.lv\/noteikumi\/#breadcrumb"},"inLanguage":"en-US","potentialAction":[{"@type":"ReadAction","target":["https:\/\/veclaicene.lv\/noteikumi\/"]}]},{"@type":"ImageObject","inLanguage":"en-US","@id":"https:\/\/veclaicene.lv\/noteikumi\/#primaryimage","url":"https:\/\/veclaicene.lv\/wp-content\/uploads\/2021\/01\/cropped-veclaicene_logo.png","contentUrl":"https:\/\/veclaicene.lv\/wp-content\/uploads\/2021\/01\/cropped-veclaicene_logo.png","width":512,"height":512,"caption":"VECLAICENE"},{"@type":"BreadcrumbList","@id":"https:\/\/veclaicene.lv\/noteikumi\/#breadcrumb","itemListElement":[{"@type":"ListItem","position":1,"name":"Home","item":"https:\/\/veclaicene.lv\/"},{"@type":"ListItem","position":2,"name":"Terms and conditions"}]},{"@type":"WebSite","@id":"https:\/\/veclaicene.lv\/#website","url":"https:\/\/veclaicene.lv\/","name":"VECLAICENE","description":"","publisher":{"@id":"https:\/\/veclaicene.lv\/#organization"},"potentialAction":[{"@type":"SearchAction","target":{"@type":"EntryPoint","urlTemplate":"https:\/\/veclaicene.lv\/?s={search_term_string}"},"query-input":{"@type":"PropertyValueSpecification","valueRequired":true,"valueName":"search_term_string"}}],"inLanguage":"en-US"},{"@type":"Organization","@id":"https:\/\/veclaicene.lv\/#organization","name":"veclaicene.lv","url":"https:\/\/veclaicene.lv\/","logo":{"@type":"ImageObject","inLanguage":"en-US","@id":"https:\/\/veclaicene.lv\/#\/schema\/logo\/image\/","url":"https:\/\/veclaicene.lv\/wp-content\/uploads\/2021\/01\/veclaicene.png","contentUrl":"https:\/\/veclaicene.lv\/wp-content\/uploads\/2021\/01\/veclaicene.png","width":229,"height":54,"caption":"veclaicene.lv"},"image":{"@id":"https:\/\/veclaicene.lv\/#\/schema\/logo\/image\/"},"sameAs":["https:\/\/www.facebook.com\/veclaicene\/"]}]}},"_links":{"self":[{"href":"https:\/\/veclaicene.lv\/en\/wp-json\/wp\/v2\/pages\/5166","targetHints":{"allow":["GET"]}}],"collection":[{"href":"https:\/\/veclaicene.lv\/en\/wp-json\/wp\/v2\/pages"}],"about":[{"href":"https:\/\/veclaicene.lv\/en\/wp-json\/wp\/v2\/types\/page"}],"author":[{"embeddable":true,"href":"https:\/\/veclaicene.lv\/en\/wp-json\/wp\/v2\/users\/1"}],"replies":[{"embeddable":true,"href":"https:\/\/veclaicene.lv\/en\/wp-json\/wp\/v2\/comments?post=5166"}],"version-history":[{"count":0,"href":"https:\/\/veclaicene.lv\/en\/wp-json\/wp\/v2\/pages\/5166\/revisions"}],"wp:featuredmedia":[{"embeddable":true,"href":"https:\/\/veclaicene.lv\/en\/wp-json\/wp\/v2\/media\/857"}],"wp:attachment":[{"href":"https:\/\/veclaicene.lv\/en\/wp-json\/wp\/v2\/media?parent=5166"}],"curies":[{"name":"wp","href":"https:\/\/api.w.org\/{rel}","templated":true}]}}