{"id":5105,"date":"2021-05-01T09:41:23","date_gmt":"2021-05-01T06:41:23","guid":{"rendered":"https:\/\/veclaicene.lv\/rezervacija\/nature-house-at-lake-enikis\/"},"modified":"2023-06-16T09:01:56","modified_gmt":"2023-06-16T06:01:56","slug":"at-lake-enikis","status":"publish","type":"product","link":"https:\/\/veclaicene.lv\/en\/reservation\/at-lake-enikis\/","title":{"rendered":"Nature House at Lake Eni\u0137is"},"content":{"rendered":"<h1>Nature House at Lake Eni\u0137is<\/h1>\n<!--themify_builder_content-->\n<div id=\"themify_builder_content-5105\" data-postid=\"5105\" class=\"themify_builder_content themify_builder_content-5105 themify_builder tf_clear\">\n                    <div  data-lazy=\"1\" class=\"module_row themify_builder_row tb_an90271 tb_first tf_w\">\n                        <div class=\"row_inner col_align_top tb_col_count_2 tf_box tf_rel\">\n                        <div  data-lazy=\"1\" class=\"module_column tb-column tb_bfnl272 first\">\n                    <!-- module text -->\n<div  class=\"module module-text tb_rzfu272   \" data-lazy=\"1\">\n        <div  class=\"tb_text_wrap\">\n        <p>Find peace on the shore of Lake Eni\u0137is! Untouched nature, calm water and sun await you here.<br \/>Nature house at Lake Eni\u0137is is a recreation place where the created art objects are dedicated to the birds found in the protected landscape area \u201cVeclaicene\u201d. White stork, white-backed woodpecker or brown shrike \u2013 these are just some of the birds that can be seen and heard here, if you pay special attention.<\/p>    <\/div>\n<\/div>\n<!-- \/module text --><!-- module template_part -->\n<div  class=\"module module-layout-part tb_ovpl274 \">\n    <div class=\"tb_layout_part_wrap tf_w\"><!--themify_builder_content-->\n    <div  class=\"themify_builder_content themify_builder_content-5478 themify_builder not_editable_builder in_the_loop\" data-postid=\"5478\">\n                        <div  data-lazy=\"1\" class=\"module_row themify_builder_row tb_4rh9411 tf_w\">\n                        <div class=\"row_inner col_align_top tb_col_count_1 tf_box tf_rel\">\n                        <div  data-lazy=\"1\" class=\"module_column tb-column col-full tb_kjmo412 first\">\n                    <!-- module text -->\n<div  class=\"module module-text tb_br50412   \" data-lazy=\"1\">\n        <div  class=\"tb_text_wrap\">\n        <p><strong>Please read:<\/strong><\/p>    <\/div>\n<\/div>\n<!-- \/module text --><!-- module icon -->\n<div  class=\"module module-icon tb_e8rr609  normal none icon_vertical tf_textl\" data-lazy=\"1\">\n\t\t\t<div class=\"module-icon-item\">\n\t\t\t\t\t\t\t<a href=\"https:\/\/veclaicene.lv\/wp-content\/uploads\/2022\/07\/Terms-and-Conditions-Nature-house-ENG-2022-07.pdf\" rel=\"noopener\" target=\"_blank\">\n\t\t\t\t\t\t\t\t\t\t\t\t\t\t\t\t\t<em class=\"tf_box\"\n\t\t\t\t\t\t\t\t\t\t\t\t\t\t\t\t\t><svg  class=\"tf_fa tf-ti-widget-alt\" aria-hidden=\"true\"><use href=\"#tf-ti-widget-alt\"><\/use><\/svg><\/em>\n\t\t\t\t\t\t\t\t\t\t\t\t\t\t\t\t\t\t\t<span>Additional information for guests of the Nature House<\/span>\n\t\t\t\t\t\t\t\t\t\t\t\t\t\t\t\t\t<\/a>\n\t\t\t\t\t<\/div>\n\t\t\t<div class=\"module-icon-item\">\n\t\t\t\t\t\t\t<a href=\"https:\/\/veclaicene.lv\/wp-content\/uploads\/2022\/07\/Terms-and-Conditions-Nature-house-ENG-2022-07.pdf\" rel=\"noopener\" target=\"_blank\">\n\t\t\t\t\t\t\t\t\t\t\t\t\t\t\t\t\t<em class=\"tf_box\"\n\t\t\t\t\t\t\t\t\t\t\t\t\t\t\t\t\t><svg  class=\"tf_fa tf-ti-widget-alt\" aria-hidden=\"true\"><use href=\"#tf-ti-widget-alt\"><\/use><\/svg><\/em>\n\t\t\t\t\t\t\t\t\t\t\t\t\t\t\t\t\t\t\t<span>Internal procedures and rules of use of a natural house<\/span>\n\t\t\t\t\t\t\t\t\t\t\t\t\t\t\t\t\t<\/a>\n\t\t\t\t\t<\/div>\n\t<\/div>\n<!-- \/module icon -->\n<!-- module text -->\n<div  class=\"module module-text tb_rzdf580   \" data-lazy=\"1\">\n        <div  class=\"tb_text_wrap\">\n        <p>\u2022 The booked visit to the Nature House for one night is valid from 15:00 until the next day at 12:00 (noon)<\/p><p>\u2022 We would like to inform you that within the next three days after receiving the invoice, you will receive information about entering the Nature House.<\/p>    <\/div>\n<\/div>\n<!-- \/module text -->        <\/div>\n                        <\/div>\n        <\/div>\n            <\/div>\n<!--\/themify_builder_content--><\/div>\n<\/div>\n<!-- \/module template_part --><!-- module template_part -->\n<div  class=\"module module-layout-part tb_1ftd275 \">\n    <div class=\"tb_layout_part_wrap tf_w\"><!--themify_builder_content-->\n    <div  class=\"themify_builder_content themify_builder_content-5477 themify_builder not_editable_builder in_the_loop\" data-postid=\"5477\">\n                        <div  data-lazy=\"1\" class=\"module_row themify_builder_row tb_reue371 tf_w\">\n                        <div class=\"row_inner col_align_top tb_col_count_1 tf_box tf_rel\">\n                        <div  data-lazy=\"1\" class=\"module_column tb-column col-full tb_qboa372 first\">\n                            <div  data-lazy=\"1\" class=\"module_subrow themify_builder_sub_row tf_w gutter-none col_align_top tb_col_count_2 tb_2nly418\">\n                <div  data-lazy=\"1\" class=\"module_column sub_column col2-1 tb_f0wt420 first\">\n                    <!-- module text -->\n<div  class=\"module module-text tb_7l40823   \" data-lazy=\"1\">\n        <div  class=\"tb_text_wrap\">\n        <p><strong>CONTACTS<\/strong><br \/><a href=\"tel:+37129130280\">+371 29130280<\/a><br \/><a href=\"tel:+37125442335\">+371 25442335<\/a><br \/><a href=\"mailto:tic@aluksne.lv\" target=\"_blank\" rel=\"noopener\">tic@aluksne.lv<\/a><\/p>    <\/div>\n<\/div>\n<!-- \/module text -->        <\/div>\n                    <div  data-lazy=\"1\" class=\"module_column sub_column col2-1 tb_7hz5420 last\">\n                    <!-- module text -->\n<div  class=\"module module-text tb_q6k8224   \" data-lazy=\"1\">\n        <div  class=\"tb_text_wrap\">\n        <p><strong>CONTACTS OF THE MANAGER<\/strong><br \/><strong>BUSINESS HOURS <\/strong>8:00 &#8211; 22:00<br \/>Ineta UDRASE <a href=\"tel:+37126552147\">+371 26552147<\/a><\/p>    <\/div>\n<\/div>\n<!-- \/module text -->        <\/div>\n                    <\/div>\n                <\/div>\n                        <\/div>\n        <\/div>\n            <\/div>\n<!--\/themify_builder_content--><\/div>\n<\/div>\n<!-- \/module template_part --><!-- module icon -->\n<div  class=\"module module-icon tb_z3th275  normal none icon_vertical tf_textc hide-desktop\" data-lazy=\"1\">\n\t\t\t<div class=\"module-icon-item\">\n\t\t\t\t\t\t\t<a href=\"https:\/\/www.google.com\/maps\/search\/?api=1&#038;query=57.5746,26.8317\" rel=\"noopener\" target=\"_blank\">\n\t\t\t\t\t\t\t\t\t\t\t\t\t\t\t\t\t\t\t\t\t\t\t\t\t\t\t<span>Google Maps<\/span>\n\t\t\t\t\t\t\t\t\t\t\t\t\t\t\t\t\t<\/a>\n\t\t\t\t\t<\/div>\n\t\t\t<div class=\"module-icon-item\">\n\t\t\t\t\t\t\t<a href=\"\" rel=\"noopener\" target=\"_blank\">\n\t\t\t\t\t\t\t\t\t\t\t\t\t\t\t\t\t\t\t\t\t\t\t\t\t\t\t<span>Waze<\/span>\n\t\t\t\t\t\t\t\t\t\t\t\t\t\t\t\t\t<\/a>\n\t\t\t\t\t<\/div>\n\t<\/div>\n<!-- \/module icon -->\n        <\/div>\n                    <div  data-lazy=\"1\" class=\"module_column tb-column tb_tb63276 last\">\n                    <!-- module gallery -->\n<div  class=\"module gallery module-gallery tb_hywj277 layout-grid  \" data-lazy=\"1\">\n    <div class=\"module-gallery-grid\" style=\"--gald:2;--galt:2;--galm:2\">\n            <dl class=\"gallery-item\">\n            <dt class=\"gallery-icon\">\n            <a data-title=\"no\" title=\"Nature House at Lake Eni\u0137is\" href=\"https:\/\/veclaicene.lv\/wp-content\/uploads\/2021\/05\/DM_Eniku-1536x1024.jpg\" data-rel=\"tb_hywj277\" class=\"themify_lightbox\"><img decoding=\"async\" src=\"https:\/\/veclaicene.lv\/wp-content\/uploads\/2021\/05\/DM_Eniku-1536x1024-400x400.jpg\" width=\"400\" height=\"400\" class=\"wp-post-image wp-image-1440\" title=\"Nature House at Lake Eni\u0137is\" alt=\"Nature House at Lake Eni\u0137is\" srcset=\"https:\/\/veclaicene.lv\/wp-content\/uploads\/2021\/05\/DM_Eniku-1536x1024-400x400.jpg 400w, https:\/\/veclaicene.lv\/wp-content\/uploads\/2021\/05\/DM_Eniku-100x100.jpg 100w, https:\/\/veclaicene.lv\/wp-content\/uploads\/2021\/05\/DM_Eniku-1536x1024-200x200.jpg 200w, https:\/\/veclaicene.lv\/wp-content\/uploads\/2021\/05\/DM_Eniku-1536x1024-47x48.jpg 47w\" sizes=\"(max-width: 400px) 100vw, 400px\" \/><\/a>            <\/dt>\n                    <\/dl>\n            <dl class=\"gallery-item\">\n            <dt class=\"gallery-icon\">\n            <a data-title=\"no\" title=\"Dabas m\u0101ja pie Eni\u0137u ezera\" href=\"https:\/\/veclaicene.lv\/wp-content\/uploads\/2021\/05\/Dabas-maja-pie-Eniku-ezera-1536x1024.jpg\" data-rel=\"tb_hywj277\" class=\"themify_lightbox\"><img decoding=\"async\" src=\"https:\/\/veclaicene.lv\/wp-content\/uploads\/2021\/05\/Dabas-maja-pie-Eniku-ezera-1536x1024-400x400.jpg\" width=\"400\" height=\"400\" class=\"wp-post-image wp-image-1436\" title=\"Dabas m\u0101ja pie Eni\u0137u ezera\" alt=\"Dabas m\u0101ja pie Eni\u0137u ezera\" srcset=\"https:\/\/veclaicene.lv\/wp-content\/uploads\/2021\/05\/Dabas-maja-pie-Eniku-ezera-1536x1024-400x400.jpg 400w, https:\/\/veclaicene.lv\/wp-content\/uploads\/2021\/05\/Dabas-maja-pie-Eniku-ezera-100x100.jpg 100w, https:\/\/veclaicene.lv\/wp-content\/uploads\/2021\/05\/Dabas-maja-pie-Eniku-ezera-200x200.jpg 200w\" sizes=\"(max-width: 400px) 100vw, 400px\" \/><\/a>            <\/dt>\n                    <\/dl>\n            <dl class=\"gallery-item\">\n            <dt class=\"gallery-icon\">\n            <a data-title=\"no\" title=\"Dabas m\u0101ja pie Eni\u0137u ezera\" href=\"https:\/\/veclaicene.lv\/wp-content\/uploads\/2021\/05\/DM_Eniku_1.jpg\" data-rel=\"tb_hywj277\" class=\"themify_lightbox\"><img decoding=\"async\" src=\"https:\/\/veclaicene.lv\/wp-content\/uploads\/2021\/05\/DM_Eniku_1-400x400.jpg\" width=\"400\" height=\"400\" class=\"wp-post-image wp-image-1444\" title=\"Dabas m\u0101ja pie Eni\u0137u ezera\" alt=\"Dabas m\u0101ja pie Eni\u0137u ezera\" srcset=\"https:\/\/veclaicene.lv\/wp-content\/uploads\/2021\/05\/DM_Eniku_1-400x400.jpg 400w, https:\/\/veclaicene.lv\/wp-content\/uploads\/2021\/05\/DM_Eniku_1-100x100.jpg 100w, https:\/\/veclaicene.lv\/wp-content\/uploads\/2021\/05\/DM_Eniku_1-200x200.jpg 200w\" sizes=\"(max-width: 400px) 100vw, 400px\" \/><\/a>            <\/dt>\n                    <\/dl>\n            <dl class=\"gallery-item\">\n            <dt class=\"gallery-icon\">\n            <a data-title=\"no\" title=\"Dabas m\u0101ja pie Eni\u0137u ezera\" href=\"https:\/\/veclaicene.lv\/wp-content\/uploads\/2021\/01\/gallery_ddb32b33137df8dede5dd656864d5231-1536x1024.jpg\" data-rel=\"tb_hywj277\" class=\"themify_lightbox\"><img decoding=\"async\" src=\"https:\/\/veclaicene.lv\/wp-content\/uploads\/2021\/01\/gallery_ddb32b33137df8dede5dd656864d5231-1536x1024-400x400.jpg\" width=\"400\" height=\"400\" class=\"wp-post-image wp-image-837\" title=\"Dabas m\u0101ja pie Eni\u0137u ezera\" alt=\"Dabas m\u0101ja pie Eni\u0137u ezera\" srcset=\"https:\/\/veclaicene.lv\/wp-content\/uploads\/2021\/01\/gallery_ddb32b33137df8dede5dd656864d5231-1536x1024-400x400.jpg 400w, https:\/\/veclaicene.lv\/wp-content\/uploads\/2021\/01\/gallery_ddb32b33137df8dede5dd656864d5231-scaled-100x100.jpg 100w, https:\/\/veclaicene.lv\/wp-content\/uploads\/2021\/01\/gallery_ddb32b33137df8dede5dd656864d5231-150x150.jpg 150w\" sizes=\"(max-width: 400px) 100vw, 400px\" \/><\/a>            <\/dt>\n                    <\/dl>\n    <\/div>\n<\/div>\n<!-- \/module gallery -->        <\/div>\n                        <\/div>\n        <\/div>\n                        <div  data-lazy=\"1\" class=\"module_row themify_builder_row tb_huq8214 tf_w\">\n                        <div class=\"row_inner col_align_top tb_col_count_1 tf_box tf_rel\">\n                        <div  data-lazy=\"1\" class=\"module_column tb-column col-full tb_e8c3214 first\">\n                    <!-- module plain text -->\n<div  class=\"module module-plain-text tb_lxuc215 \" data-lazy=\"1\">\n        <div class=\"tb_text_wrap\">\n    <iframe src=\"https:\/\/active.kartes.lv\/?aluksne&#038;zoom=57.5746,%2026.8317,15\" width=\"100%\" height=\"300\" style=\"border:none;\"><\/iframe>    <\/div>\n<\/div>\n<!-- \/module plain text -->        <\/div>\n                        <\/div>\n        <\/div>\n        <\/div>\n<!--\/themify_builder_content-->","protected":false},"excerpt":{"rendered":"<p>Nature House at Lake Eni\u0137is Find peace on the shore of Lake Eni\u0137is! Untouched nature, calm water and sun await you here. Nature house at Lake Eni\u0137is is a recreation place where the created art objects are dedicated to the birds found in the protected landscape area \u201cVeclaicene\u201d. White stork, white-backed woodpecker or brown shrike [&hellip;]<\/p>\n","protected":false},"featured_media":1440,"template":"","meta":[],"product_brand":[],"product_cat":[42],"product_tag":[],"class_list":{"0":"post-5105","1":"product","2":"type-product","3":"status-publish","4":"has-post-thumbnail","6":"product_cat-dabasmajas-en","7":"has-post-title","8":"has-post-date","9":"has-post-category","10":"has-post-tag","11":"has-post-comment","12":"has-post-author","13":"","15":"first","16":"instock","17":"featured","18":"virtual","19":"sold-individually","20":"taxable","21":"purchasable","22":"product-type-accommodation-booking"},"booking_location":"","booking_location_type":"","booking_duration":1,"booking_duration_unit":"night","booking_buffer":0,"booking_cost":0,"booking_resources":[],"yoast_head":"<title>Nature House at Lake Eni\u0137is - VECLAICENE<\/title>\n<meta name=\"description\" content=\"On the north-western shore of the lake there is a Nature House where you can gain basic information about birds. The house has a stove heating.\" \/>\n<meta name=\"robots\" content=\"index, follow, max-snippet:-1, max-image-preview:large, max-video-preview:-1\" \/>\n<link rel=\"canonical\" href=\"https:\/\/veclaicene.lv\/en\/reservation\/at-lake-enikis\/\" \/>\n<meta property=\"og:locale\" content=\"en_US\" \/>\n<meta property=\"og:type\" content=\"article\" \/>\n<meta property=\"og:title\" content=\"Nature House at Lake Eni\u0137is - VECLAICENE\" \/>\n<meta property=\"og:description\" content=\"On the north-western shore of the lake there is a Nature House where you can gain basic information about birds. The house has a stove heating.\" \/>\n<meta property=\"og:url\" content=\"https:\/\/veclaicene.lv\/en\/reservation\/at-lake-enikis\/\" \/>\n<meta property=\"og:site_name\" content=\"VECLAICENE\" \/>\n<meta property=\"article:publisher\" content=\"https:\/\/www.facebook.com\/veclaicene\/\" \/>\n<meta property=\"article:modified_time\" content=\"2023-06-16T06:01:56+00:00\" \/>\n<meta property=\"og:image\" content=\"https:\/\/veclaicene.lv\/wp-content\/uploads\/2021\/05\/DM_Eniku.jpg\" \/>\n\t<meta property=\"og:image:width\" content=\"1620\" \/>\n\t<meta property=\"og:image:height\" content=\"1080\" \/>\n\t<meta property=\"og:image:type\" content=\"image\/jpeg\" \/>\n<meta name=\"twitter:label1\" content=\"Est. reading time\" \/>\n\t<meta name=\"twitter:data1\" content=\"1 minute\" \/>\n<script type=\"application\/ld+json\" class=\"yoast-schema-graph\">{\"@context\":\"https:\\\/\\\/schema.org\",\"@graph\":[{\"@type\":\"WebPage\",\"@id\":\"https:\\\/\\\/veclaicene.lv\\\/en\\\/reservation\\\/at-lake-enikis\\\/\",\"url\":\"https:\\\/\\\/veclaicene.lv\\\/en\\\/reservation\\\/at-lake-enikis\\\/\",\"name\":\"Nature House at Lake Eni\u0137is - VECLAICENE\",\"isPartOf\":{\"@id\":\"https:\\\/\\\/veclaicene.lv\\\/#website\"},\"primaryImageOfPage\":{\"@id\":\"https:\\\/\\\/veclaicene.lv\\\/en\\\/reservation\\\/at-lake-enikis\\\/#primaryimage\"},\"image\":{\"@id\":\"https:\\\/\\\/veclaicene.lv\\\/en\\\/reservation\\\/at-lake-enikis\\\/#primaryimage\"},\"thumbnailUrl\":\"https:\\\/\\\/veclaicene.lv\\\/wp-content\\\/uploads\\\/2021\\\/05\\\/DM_Eniku.jpg\",\"datePublished\":\"2021-05-01T06:41:23+00:00\",\"dateModified\":\"2023-06-16T06:01:56+00:00\",\"description\":\"On the north-western shore of the lake there is a Nature House where you can gain basic information about birds. The house has a stove heating.\",\"breadcrumb\":{\"@id\":\"https:\\\/\\\/veclaicene.lv\\\/en\\\/reservation\\\/at-lake-enikis\\\/#breadcrumb\"},\"inLanguage\":\"en-US\",\"potentialAction\":[{\"@type\":\"ReadAction\",\"target\":[\"https:\\\/\\\/veclaicene.lv\\\/en\\\/reservation\\\/at-lake-enikis\\\/\"]}]},{\"@type\":\"ImageObject\",\"inLanguage\":\"en-US\",\"@id\":\"https:\\\/\\\/veclaicene.lv\\\/en\\\/reservation\\\/at-lake-enikis\\\/#primaryimage\",\"url\":\"https:\\\/\\\/veclaicene.lv\\\/wp-content\\\/uploads\\\/2021\\\/05\\\/DM_Eniku.jpg\",\"contentUrl\":\"https:\\\/\\\/veclaicene.lv\\\/wp-content\\\/uploads\\\/2021\\\/05\\\/DM_Eniku.jpg\",\"width\":1620,\"height\":1080,\"caption\":\"Nature House at Lake Eni\u0137is\"},{\"@type\":\"BreadcrumbList\",\"@id\":\"https:\\\/\\\/veclaicene.lv\\\/en\\\/reservation\\\/at-lake-enikis\\\/#breadcrumb\",\"itemListElement\":[{\"@type\":\"ListItem\",\"position\":1,\"name\":\"Home\",\"item\":\"https:\\\/\\\/veclaicene.lv\\\/\"},{\"@type\":\"ListItem\",\"position\":2,\"name\":\"Reservation\",\"item\":\"https:\\\/\\\/veclaicene.lv\\\/veikals\\\/\"},{\"@type\":\"ListItem\",\"position\":3,\"name\":\"Nature House at Lake Eni\u0137is\"}]},{\"@type\":\"WebSite\",\"@id\":\"https:\\\/\\\/veclaicene.lv\\\/#website\",\"url\":\"https:\\\/\\\/veclaicene.lv\\\/\",\"name\":\"VECLAICENE\",\"description\":\"\",\"publisher\":{\"@id\":\"https:\\\/\\\/veclaicene.lv\\\/#organization\"},\"potentialAction\":[{\"@type\":\"SearchAction\",\"target\":{\"@type\":\"EntryPoint\",\"urlTemplate\":\"https:\\\/\\\/veclaicene.lv\\\/?s={search_term_string}\"},\"query-input\":{\"@type\":\"PropertyValueSpecification\",\"valueRequired\":true,\"valueName\":\"search_term_string\"}}],\"inLanguage\":\"en-US\"},{\"@type\":\"Organization\",\"@id\":\"https:\\\/\\\/veclaicene.lv\\\/#organization\",\"name\":\"veclaicene.lv\",\"url\":\"https:\\\/\\\/veclaicene.lv\\\/\",\"logo\":{\"@type\":\"ImageObject\",\"inLanguage\":\"en-US\",\"@id\":\"https:\\\/\\\/veclaicene.lv\\\/#\\\/schema\\\/logo\\\/image\\\/\",\"url\":\"https:\\\/\\\/veclaicene.lv\\\/wp-content\\\/uploads\\\/2021\\\/01\\\/veclaicene.png\",\"contentUrl\":\"https:\\\/\\\/veclaicene.lv\\\/wp-content\\\/uploads\\\/2021\\\/01\\\/veclaicene.png\",\"width\":229,\"height\":54,\"caption\":\"veclaicene.lv\"},\"image\":{\"@id\":\"https:\\\/\\\/veclaicene.lv\\\/#\\\/schema\\\/logo\\\/image\\\/\"},\"sameAs\":[\"https:\\\/\\\/www.facebook.com\\\/veclaicene\\\/\"]}]}<\/script>","yoast_head_json":{"title":"Nature House at Lake Eni\u0137is - VECLAICENE","description":"On the north-western shore of the lake there is a Nature House where you can gain basic information about birds. The house has a stove heating.","robots":{"index":"index","follow":"follow","max-snippet":"max-snippet:-1","max-image-preview":"max-image-preview:large","max-video-preview":"max-video-preview:-1"},"canonical":"https:\/\/veclaicene.lv\/en\/reservation\/at-lake-enikis\/","og_locale":"en_US","og_type":"article","og_title":"Nature House at Lake Eni\u0137is - VECLAICENE","og_description":"On the north-western shore of the lake there is a Nature House where you can gain basic information about birds. The house has a stove heating.","og_url":"https:\/\/veclaicene.lv\/en\/reservation\/at-lake-enikis\/","og_site_name":"VECLAICENE","article_publisher":"https:\/\/www.facebook.com\/veclaicene\/","article_modified_time":"2023-06-16T06:01:56+00:00","og_image":[{"width":1620,"height":1080,"url":"https:\/\/veclaicene.lv\/wp-content\/uploads\/2021\/05\/DM_Eniku.jpg","type":"image\/jpeg"}],"twitter_misc":{"Est. reading time":"1 minute"},"schema":{"@context":"https:\/\/schema.org","@graph":[{"@type":"WebPage","@id":"https:\/\/veclaicene.lv\/en\/reservation\/at-lake-enikis\/","url":"https:\/\/veclaicene.lv\/en\/reservation\/at-lake-enikis\/","name":"Nature House at Lake Eni\u0137is - VECLAICENE","isPartOf":{"@id":"https:\/\/veclaicene.lv\/#website"},"primaryImageOfPage":{"@id":"https:\/\/veclaicene.lv\/en\/reservation\/at-lake-enikis\/#primaryimage"},"image":{"@id":"https:\/\/veclaicene.lv\/en\/reservation\/at-lake-enikis\/#primaryimage"},"thumbnailUrl":"https:\/\/veclaicene.lv\/wp-content\/uploads\/2021\/05\/DM_Eniku.jpg","datePublished":"2021-05-01T06:41:23+00:00","dateModified":"2023-06-16T06:01:56+00:00","description":"On the north-western shore of the lake there is a Nature House where you can gain basic information about birds. The house has a stove heating.","breadcrumb":{"@id":"https:\/\/veclaicene.lv\/en\/reservation\/at-lake-enikis\/#breadcrumb"},"inLanguage":"en-US","potentialAction":[{"@type":"ReadAction","target":["https:\/\/veclaicene.lv\/en\/reservation\/at-lake-enikis\/"]}]},{"@type":"ImageObject","inLanguage":"en-US","@id":"https:\/\/veclaicene.lv\/en\/reservation\/at-lake-enikis\/#primaryimage","url":"https:\/\/veclaicene.lv\/wp-content\/uploads\/2021\/05\/DM_Eniku.jpg","contentUrl":"https:\/\/veclaicene.lv\/wp-content\/uploads\/2021\/05\/DM_Eniku.jpg","width":1620,"height":1080,"caption":"Nature House at Lake Eni\u0137is"},{"@type":"BreadcrumbList","@id":"https:\/\/veclaicene.lv\/en\/reservation\/at-lake-enikis\/#breadcrumb","itemListElement":[{"@type":"ListItem","position":1,"name":"Home","item":"https:\/\/veclaicene.lv\/"},{"@type":"ListItem","position":2,"name":"Reservation","item":"https:\/\/veclaicene.lv\/veikals\/"},{"@type":"ListItem","position":3,"name":"Nature House at Lake Eni\u0137is"}]},{"@type":"WebSite","@id":"https:\/\/veclaicene.lv\/#website","url":"https:\/\/veclaicene.lv\/","name":"VECLAICENE","description":"","publisher":{"@id":"https:\/\/veclaicene.lv\/#organization"},"potentialAction":[{"@type":"SearchAction","target":{"@type":"EntryPoint","urlTemplate":"https:\/\/veclaicene.lv\/?s={search_term_string}"},"query-input":{"@type":"PropertyValueSpecification","valueRequired":true,"valueName":"search_term_string"}}],"inLanguage":"en-US"},{"@type":"Organization","@id":"https:\/\/veclaicene.lv\/#organization","name":"veclaicene.lv","url":"https:\/\/veclaicene.lv\/","logo":{"@type":"ImageObject","inLanguage":"en-US","@id":"https:\/\/veclaicene.lv\/#\/schema\/logo\/image\/","url":"https:\/\/veclaicene.lv\/wp-content\/uploads\/2021\/01\/veclaicene.png","contentUrl":"https:\/\/veclaicene.lv\/wp-content\/uploads\/2021\/01\/veclaicene.png","width":229,"height":54,"caption":"veclaicene.lv"},"image":{"@id":"https:\/\/veclaicene.lv\/#\/schema\/logo\/image\/"},"sameAs":["https:\/\/www.facebook.com\/veclaicene\/"]}]}},"_links":{"self":[{"href":"https:\/\/veclaicene.lv\/en\/wp-json\/wp\/v2\/product\/5105","targetHints":{"allow":["GET"]}}],"collection":[{"href":"https:\/\/veclaicene.lv\/en\/wp-json\/wp\/v2\/product"}],"about":[{"href":"https:\/\/veclaicene.lv\/en\/wp-json\/wp\/v2\/types\/product"}],"wp:featuredmedia":[{"embeddable":true,"href":"https:\/\/veclaicene.lv\/en\/wp-json\/wp\/v2\/media\/1440"}],"wp:attachment":[{"href":"https:\/\/veclaicene.lv\/en\/wp-json\/wp\/v2\/media?parent=5105"}],"wp:term":[{"taxonomy":"product_brand","embeddable":true,"href":"https:\/\/veclaicene.lv\/en\/wp-json\/wp\/v2\/product_brand?post=5105"},{"taxonomy":"product_cat","embeddable":true,"href":"https:\/\/veclaicene.lv\/en\/wp-json\/wp\/v2\/product_cat?post=5105"},{"taxonomy":"product_tag","embeddable":true,"href":"https:\/\/veclaicene.lv\/en\/wp-json\/wp\/v2\/product_tag?post=5105"}],"curies":[{"name":"wp","href":"https:\/\/api.w.org\/{rel}","templated":true}]}}